{"id":15,"date":"2024-01-24T19:40:53","date_gmt":"2024-01-24T19:40:53","guid":{"rendered":"http:\/\/webkajl-new.pedf.cuni.cz\/conference\/?page_id=15"},"modified":"2024-06-22T17:13:20","modified_gmt":"2024-06-22T15:13:20","slug":"registration","status":"publish","type":"page","link":"https:\/\/webkajl.pedf.cuni.cz\/conference\/registration\/","title":{"rendered":"Registration"},"content":{"rendered":"\n<h3 class=\"wp-block-heading\">Payment details<\/h3>\n\n\n\n<p>Registration fee: 2,000 CZK \/ 80 \u20ac (for participants from abroad)<\/p>\n\n\n\n<p>Deadline: 31 August, 2024<\/p>\n\n\n\n<p>Account number:&nbsp;85236011\/0100<br>Variable symbol: 896424<br>IBAN:&nbsp;&nbsp;CZ4301000000000085236011<br>SWIFT:&nbsp;&nbsp;KOMBCZPPXXX<br>Bank: Komer\u010dn\u00ed banka, a.s., Sp\u00e1len\u00e1 51, Praha 1, Czech Republic<\/p>\n\n\n\n<p>Organisation: Charles University, Faculty of Education, IN (I\u010c): 00216208<\/p>\n\n\n\n<p>Note: Name of the participant<\/p>\n","protected":false},"excerpt":{"rendered":"<p>Payment details Registration fee: 2,000 CZK \/ 80 \u20ac (for participants from abroad) Deadline: 31 August, 2024 Account number:&nbsp;85236011\/0100Variable symbol: 896424IBAN:&nbsp;&nbsp;CZ4301000000000085236011SWIFT:&nbsp;&nbsp;KOMBCZPPXXXBank: Komer\u010dn\u00ed banka, a.s., Sp\u00e1len\u00e1 51, Praha 1, Czech Republic Organisation: Charles University, Faculty of Education, IN (I\u010c): 00216208 Note: Name of the participant<\/p>\n","protected":false},"author":1,"featured_media":0,"parent":0,"menu_order":0,"comment_status":"closed","ping_status":"closed","template":"","meta":{"footnotes":""},"_links":{"self":[{"href":"https:\/\/webkajl.pedf.cuni.cz\/conference\/wp-json\/wp\/v2\/pages\/15"}],"collection":[{"href":"https:\/\/webkajl.pedf.cuni.cz\/conference\/wp-json\/wp\/v2\/pages"}],"about":[{"href":"https:\/\/webkajl.pedf.cuni.cz\/conference\/wp-json\/wp\/v2\/types\/page"}],"author":[{"embeddable":true,"href":"https:\/\/webkajl.pedf.cuni.cz\/conference\/wp-json\/wp\/v2\/users\/1"}],"replies":[{"embeddable":true,"href":"https:\/\/webkajl.pedf.cuni.cz\/conference\/wp-json\/wp\/v2\/comments?post=15"}],"version-history":[{"count":3,"href":"https:\/\/webkajl.pedf.cuni.cz\/conference\/wp-json\/wp\/v2\/pages\/15\/revisions"}],"predecessor-version":[{"id":206,"href":"https:\/\/webkajl.pedf.cuni.cz\/conference\/wp-json\/wp\/v2\/pages\/15\/revisions\/206"}],"wp:attachment":[{"href":"https:\/\/webkajl.pedf.cuni.cz\/conference\/wp-json\/wp\/v2\/media?parent=15"}],"curies":[{"name":"wp","href":"https:\/\/api.w.org\/{rel}","templated":true}]}}