{"id":21,"date":"2024-01-24T19:42:05","date_gmt":"2024-01-24T19:42:05","guid":{"rendered":"http:\/\/webkajl-new.pedf.cuni.cz\/conference\/?page_id=21"},"modified":"2024-01-24T22:22:39","modified_gmt":"2024-01-24T21:22:39","slug":"contact","status":"publish","type":"page","link":"https:\/\/webkajl.pedf.cuni.cz\/conference\/contact\/","title":{"rendered":"Contact"},"content":{"rendered":"\n<p>Petr Chalupsk\u00fd and Tereza Topolovsk\u00e1<\/p>\n\n\n\n<p>Department of English Language and Literature<br>Faculty of Education, Charles University<br>Celetn\u00e1 13<br>116 39\u00a0\u00a0\u00a0Prague 1<br>Czech Republic<\/p>\n\n\n\n<p>Email:<br><a href=\"mailto:petr.chalupsky@pedf.cuni.cz\">petr.chalupsky@pedf.cuni.cz<\/a>\u00a0<br><a href=\"mailto:tereza.topolovska@pedf.cuni.cz\">tereza.topolovska@pedf.cuni.cz<\/a><\/p>\n\n\n\n<p>Phone: +420\u00a0221\u00a0900 744<\/p>\n\n\n\n<p><\/p>\n","protected":false},"excerpt":{"rendered":"<p>Petr Chalupsk\u00fd and Tereza Topolovsk\u00e1 Department of English Language and LiteratureFaculty of Education, Charles UniversityCeletn\u00e1 13116 39\u00a0\u00a0\u00a0Prague 1Czech Republic Email:petr.chalupsky@pedf.cuni.cz\u00a0tereza.topolovska@pedf.cuni.cz Phone: +420\u00a0221\u00a0900 744<\/p>\n","protected":false},"author":1,"featured_media":0,"parent":0,"menu_order":0,"comment_status":"closed","ping_status":"closed","template":"","meta":{"footnotes":""},"_links":{"self":[{"href":"https:\/\/webkajl.pedf.cuni.cz\/conference\/wp-json\/wp\/v2\/pages\/21"}],"collection":[{"href":"https:\/\/webkajl.pedf.cuni.cz\/conference\/wp-json\/wp\/v2\/pages"}],"about":[{"href":"https:\/\/webkajl.pedf.cuni.cz\/conference\/wp-json\/wp\/v2\/types\/page"}],"author":[{"embeddable":true,"href":"https:\/\/webkajl.pedf.cuni.cz\/conference\/wp-json\/wp\/v2\/users\/1"}],"replies":[{"embeddable":true,"href":"https:\/\/webkajl.pedf.cuni.cz\/conference\/wp-json\/wp\/v2\/comments?post=21"}],"version-history":[{"count":4,"href":"https:\/\/webkajl.pedf.cuni.cz\/conference\/wp-json\/wp\/v2\/pages\/21\/revisions"}],"predecessor-version":[{"id":58,"href":"https:\/\/webkajl.pedf.cuni.cz\/conference\/wp-json\/wp\/v2\/pages\/21\/revisions\/58"}],"wp:attachment":[{"href":"https:\/\/webkajl.pedf.cuni.cz\/conference\/wp-json\/wp\/v2\/media?parent=21"}],"curies":[{"name":"wp","href":"https:\/\/api.w.org\/{rel}","templated":true}]}}